{"id":225,"date":"2021-08-23T12:27:30","date_gmt":"2021-08-23T12:27:30","guid":{"rendered":"https:\/\/saluteineracovid.aboca.com\/?page_id=225"},"modified":"2021-08-26T10:16:42","modified_gmt":"2021-08-26T10:16:42","slug":"cookie-policy","status":"publish","type":"page","link":"https:\/\/saluteineracovid.aboca.com\/it\/cookie-policy\/","title":{"rendered":""},"content":{"rendered":"\t\t<div data-elementor-type=\"wp-page\" data-elementor-id=\"225\" class=\"elementor elementor-225\" data-elementor-settings=\"[]\">\n\t\t\t\t\t\t\t<div class=\"elementor-section-wrap\">\n\t\t\t\t\t\t\t<section class=\"elementor-section elementor-top-section elementor-element elementor-element-5ac1afa elementor-section-boxed elementor-section-height-default elementor-section-height-default\" data-id=\"5ac1afa\" data-element_type=\"section\">\n\t\t\t\t\t\t<div class=\"elementor-container elementor-column-gap-default\">\n\t\t\t\t\t<div class=\"elementor-column elementor-col-100 elementor-top-column elementor-element elementor-element-f69c1cb\" data-id=\"f69c1cb\" data-element_type=\"column\">\n\t\t\t<div class=\"elementor-widget-wrap elementor-element-populated\">\n\t\t\t\t\t\t\t\t<div class=\"elementor-element elementor-element-90f08c7 elementor-widget elementor-widget-heading\" data-id=\"90f08c7\" data-element_type=\"widget\" data-widget_type=\"heading.default\">\n\t\t\t\t<div class=\"elementor-widget-container\">\n\t\t\t<h1 class=\"elementor-heading-title elementor-size-xl\">COOKIE POLICY<\/h1>\t\t<\/div>\n\t\t\t\t<\/div>\n\t\t\t\t\t<\/div>\n\t\t<\/div>\n\t\t\t\t\t\t\t<\/div>\n\t\t<\/section>\n\t\t\t\t<section class=\"elementor-section elementor-top-section elementor-element elementor-element-d0166b6 elementor-section-boxed elementor-section-height-default elementor-section-height-default\" data-id=\"d0166b6\" data-element_type=\"section\">\n\t\t\t\t\t\t<div class=\"elementor-container elementor-column-gap-default\">\n\t\t\t\t\t<div class=\"elementor-column elementor-col-100 elementor-top-column elementor-element elementor-element-e13dbf4\" data-id=\"e13dbf4\" data-element_type=\"column\">\n\t\t\t<div class=\"elementor-widget-wrap elementor-element-populated\">\n\t\t\t\t\t\t\t\t<div class=\"elementor-element elementor-element-8e4deb7 elementor-widget elementor-widget-text-editor\" data-id=\"8e4deb7\" data-element_type=\"widget\" data-widget_type=\"text-editor.default\">\n\t\t\t\t<div class=\"elementor-widget-container\">\n\t\t\t\t\t\t\t<h3><strong>INFORMATIVA ESTESA SULL\u2019USO DEI COOKIES<\/strong><\/h3><p>Artt. 13 e 122 D.Lgs. 30 giugno 2003 Nr. 196 Codice in materia di protezione dei dati personali. Ai sensi e per gli effetti del Provv. 8 maggio 2014 [3118884], dell\u2019Autorit\u00e0 Garante per la Protezione dei Dati Personali, relativo all\u2019impiego dei cookies, la informiamo, con riferimento al dominio di\u00a0<strong>Aboca S.p.A. Societ\u00e0 Agricola<\/strong>, raggiungibile sul servizio web della rete internet a partire dall\u2019indirizzo www.aboca.com,\u00a0 in ordine a ci\u00f3 che segue. In Informatica, i cookies vengono classificati in cookies \u201ctecnici o di sessione\u201d, cookies \u201cpersistenti o di profilazione\u201d e cookies \u201cdi terze parti\u201d. I cookies \u2013 che possono essere presenti nei browser degli utenti in numero\u00a0 elevato e a volte con caratteristiche di ampia persistenza temporale, possono essere usati ad esempio, per l\u2019esecuzione di operazioni di autenticazione, il monitoraggio di sessioni, la memorizzazione di informazioni su specifiche configurazioni degli utenti che si connettono con il server che ospita il sito che intendono visualizzare, ecc. \u2013 sono stringhe di testo contenute in file di dimensioni ridotte che i siti visitati dall\u2019utente, o quelli di terzi con essi collegati, inviano al terminale che egli impiega per la connessione, ove vengono memorizzati, per essere poi, eventualmente, ritrasmessi, agli stessi siti, alla successiva visita del medesimo utente. Anche se generalmente vengono utilizzati per valutare l\u2019utilizzo di un sito Web, la sua efficienza e per semplificarne l\u2019uso e la navigazione, e non vengono associati a dati personali, i cookies possono essere altres\u00ed configurati per personalizzare l\u2019esperienza di consultazione di un sito Web, associandoli alle preferenze di un utente o a sue informazioni personali. Poich\u00e9 i cookies consentono di sfruttare alcune funzioni dei siti Web ti suggeriamo di non disattivarli. Se attivi il blocco, disattivi o non accetti i cookie, non potrai autenticarti sul sito\u00a0<strong>www.aboca.com\u00a0<\/strong>ed alcune pagine Web potrebbero non essere visualizzate correttamente.<\/p><h4><strong>Cookies tecnici o di sessione.<\/strong><\/h4><p>I cookies di sessione, archiviati nella memoria temporanea ed eliminati alla chiusura del browser, impiegati esclusivamente per \u201ceffettuare la trasmissione di una comunicazione su una rete di comunicazione elettronica, o nella misura strettamente necessaria al fornitore di un servizio della societ\u00e0 dell\u2019informazione esplicitamente richiesto dall\u2019abbonato o dall\u2019utente a erogare tale servizio\u201d, consentono di utilizzare il sito Web in modo efficiente, tenendo traccia delle visualizzazione delle pagine che lo compongono in modo da non richiedere le informazioni gi\u00e0 acquisite e\/o rilasciate dal browser dell\u2019utente nel corso della stessa sessione di collegamento. Tali cookies possono essere ulteriormente suddivisi in cookies di navigazione o di sessione, che garantiscono la normale consultazione e fruizione del sito web (permettendo, ad esempio, di realizzare un acquisto o autenticarsi per accedere ad aree riservate); cookie analytics, assimilati ai cookie tecnici laddove utilizzati direttamente dal gestore del sito per raccogliere informazioni, in forma aggregata, sul numero degli utenti e su come questi visitano il sito stesso; cookie di funzionalit\u00e0, che permettono all\u2019utente la navigazione in funzione di una serie di criteri pre-selezionati (ad esempio, la lingua, i prodotti selezionati per l\u2019acquisto) al fine di migliorare il servizio reso allo stesso. Per l\u2019installazione dei cookies tecnici o di sessione non \u00e8 richiesto il preventivo consenso degli interessati, fermo restando, invece, l\u2019obbligo, per il Titolare del trattamento, di rilasciare, ai sensi dell\u2019art. 13 del Codice in materia di protezione dei dati personali, le presenti informazioni obbligatorie, che il gestore del sito, qualora utilizzi soltanto tali dispositivi, potr\u00e0 fornire con le modalit\u00e0 che ritiene pi\u00f9 idonee. I cookies tecnici o di sessione impiegati da\u00a0<strong>Aboca S.p.A. Societ\u00e1 Agricola<\/strong>, permettono di evitare di reinserire le stesse informazioni pi\u00f9 volte durante la visita quali ad esempio nome utente e password, di analizzare l\u2019utilizzo dei servizi e dei contenuti forniti per ottimizzarne l\u2019esperienza di navigazione e i servizi offerti.<\/p><h4><strong>Cookie Persistenti o di profilazione<\/strong><\/h4><p>Diversamente, i cookies persistenti o di profilazione, sono volti a creare profili relativi all\u2019utente, vengono archiviati nell\u2019hard disk di quest\u2019ultimo e sono disponibili al riavvio del browser, memorizzano le preferenze degli utenti per le visite correnti e successive e possono essere usati per inviare messaggi pubblicitari in linea con le preferenze manifestate dall\u2019interessato, registrate durante le sessioni di connessione. Le norme comunitarie e quelle italiane di recepimento prevedono, per il caso di\u00a0 impiego da parte del titolare del sito di tali tipologie di cookies che l\u2019interessato sia adeguatamente informato sul loro uso e messo in condizione di esprimere o meno il proprio valido consenso informato. A tale tipologia di cookies deve intendersi riferita la disposizione di cui al citato art. 122 del Codice in materia di protezione dei dati personali che, espressamente dispone che \u201cl\u2019archiviazione delle informazioni nell\u2019apparecchio terminale di un contraente o di un utente o l\u2019accesso a informazioni gi\u00e0 archiviate sono consentiti unicamente a condizione che il contraente o l\u2019utente abbia espresso il proprio consenso dopo essere stato informato con le modalit\u00e0 semplificate di cui all\u2019articolo 13, comma 3\u201d.\u00a0<strong>Aboca S.p.A. non utilizza i cookie di questo tipo.<\/strong><\/p><h4><strong>Cookie di terze parti per marketing\/retargeting<\/strong><\/h4><p>I cookie di terze parti sono utilizzati da societ\u00e0 terze e permettono all\u2019utente di visualizzare banner pubblicitari inerenti alle pagine consultate sul nostro sito web su altri siti affiliati.\u00a0<strong>Aboca S.p.A. Societ\u00e0 Agricola<\/strong>\u00a0impiega i seguenti cookies di terze parti:<\/p><table border=\"1\" cellspacing=\"0\" cellpadding=\"1\" align=\"left\"><thead><tr><th scope=\"col\">Nome<\/th><th scope=\"col\">Scopo<\/th><th scope=\"col\">Finalit\u00e0<\/th><th scope=\"col\">Persistenza<\/th><th scope=\"col\">Origine<\/th><\/tr><\/thead><tbody><tr><td>SESS100c959ddef43face2c050ed4840c1bb<\/td><td>Identificativo univoco sessione utente corrente<\/td><td>Funzionalit\u00e0<\/td><td>Di sessione<\/td><td>Sito Aboca<\/td><\/tr><tr><td>has_js<\/td><td>Flag che indica se Javascript \u00e8 attivo sul browser nella sessione<\/td><td>Funzionalit\u00e0<\/td><td>Di sessione<\/td><td>Sito Aboca<\/td><\/tr><tr><td>cookie-agreed<\/td><td>Flag che indica se l\u2019utente ha accettato l\u2019uso dei cookie<\/td><td>Funzionalit\u00e0<\/td><td>Di sessione<\/td><td>Sito Aboca<\/td><\/tr><tr><td>_gat<\/td><td>Used to throttle request rate.<\/td><td>Performance<\/td><td>Persistente<\/td><td>Terza Parte<\/td><\/tr><tr><td>_ga<\/td><td>Utilizzato da Google Analytics per distinguere gli utenti<\/td><td>Performance<\/td><td>Persistente<\/td><td>Terza Parte<\/td><\/tr><tr><td>_utmb<\/td><td>Utilizzato dallo strumento Google Analytics per stabilire una sessione e la sua durata<\/td><td>Performance<\/td><td>Persistente<\/td><td>Terza Parte<\/td><\/tr><tr><td>_utmc<\/td><td>Utilizzato dallo strumento Google Analytics per stabilire una sessione e la sua durata<\/td><td>Performance<\/td><td>Di sessione<\/td><td>Terza Parte<\/td><\/tr><tr><td>_utma<\/td><td>Utilizzato dallo strumento Google Analytics per conteggiare visitatori univoci<\/td><td>Performance<\/td><td>Persistente<\/td><td>Terza Parte<\/td><\/tr><tr><td>_utmz<\/td><td>Utilizzato dallo strumento Google Analytics per memorizzare informazioni sull\u2019indirizzamento da altri siti<\/td><td>Performance<\/td><td>Persistente<\/td><td>Terza Parte<\/td><\/tr><tr><td>fr<\/td><td>Utilizzato da Facebook per fornire prodotti pubblicitari da inserzionisti terzi.<\/td><td>Performance<\/td><td>6 mesi<\/td><td>Terza Parte<\/td><\/tr><tr><td>Remarketing di Google Analytics<\/td><td>Il Sito utilizza servizi di remarketing offerti da Google Inc. che comportano l\u2019installazione di cookie e pixel utilizzati per proporre annunci maggiormente attinenti agli interessi dell\u2019utente. Tali strumenti sono utilizzati dal titolare del sito per attivit\u00e0 di remarketing.<\/td><td>\u2013<\/td><td>6 mesi<\/td><td>Terza Parte<\/td><\/tr><\/tbody><\/table><h4>\u00a0<\/h4><h4>\u00a0<\/h4><h4><strong>Google Analytics (Google)<\/strong><\/h4><p>Google Analytics \u00e8 un servizio di analisi web fornito da Google Inc. (\u201cGoogle\u201d). Google utilizza i Dati Personali raccolti allo scopo di tracciare ed esaminare l\u2019utilizzo di questa Applicazione, compilare report e condividerli con gli altri servizi sviluppati da Google. I dati raccolti dal sistema Google Analytics riguardano, per esempio, informazioni inerenti il tempo di permanenza sul Sito, l\u2019approssimativa provenienza geografica, le pagine di ingresso e uscita, la provenienza del traffico dei visitatori, ecc. Google user\u00e0 questi dati per valutare l\u2019uso, stilare report sulle attivit\u00e0 del nostro Sito e fornirci ulteriori servizi legati all\u2019uso del Sito e di Internet. I dati raccolti tramite questi cookies verranno utilizzati in forma aggregata. \u201cIn forma aggregata\u201d significa che il cookie ed i sistemi di tracciamento non sono mai associati alla persona ma alla navigazione, quindi nessuno potr\u00e0 associare il tuo nome alle pagine od ai siti web che visiti. Inoltre, un dato importante quale il tuo indirizzo IP, viene \u201canonimizzato\u201d per tua ulteriore tranquillit\u00e0, come spiegato qui di seguito. Nel nostro Sito Google Analytics \u00e8 stato dotato del codice \u201cgat._anonymizeIp();\u201c per garantire un rilevamento anonimizzato degli indirizzi IP (il cosiddetto IP Masking). Il tuo indirizzo IP (il numero assegnato al tuo computer dal tuo provider di servizi internet) viene abbreviato e dunque anonimizzato \u2013 su nostra iniziativa \u2013 da Google all\u2019interno degli Stati membri dell\u2019Unione Europea o in altri Stati dell\u2019accordo sullo spazio economico europeo. Per questo motivo i profili d\u2019uso creati da Google Analytics vengono \u201canonimizzati\u201d e questo rende impossibile risalire all\u2019utente effettivo. Solo in casi particolari viene trasmesso l\u2019intero indirizzo IP ad un server di Google, e l\u00ec viene abbreviato. Il tuo indirizzo IP anonimizzato trasmesso dal tuo browser nell\u2019ambito di Google Analytics non viene unito ad altri dati in possesso di Google. Una trasmissione di questi dati a soggetti terzi tramite Google pu\u00f2 avvenire soltanto in seguito a disposizioni di legge o nell\u2019ambito dell\u2019elaborazione di dati per conto terzi. In nessun caso Google raggrupper\u00e0 i tuoi dati personali con altri dati raccolti da Google. Google aderisce ai principi in materia di dati personali dell\u2019accordo \u201cUS Safe Harbor\u201d ed \u00e8 registrato a \u201cSafe Harbor\u201d, programma del Ministero del Commercio degli Stati Uniti. Con l\u2019utilizzo del nostro Sito manifesti il tuo consenso all\u2019elaborazione dei dati rilevati mediante Google Analytics e alle modalit\u00e0 dell\u2019elaborazione dei dati cos\u00ec come alla finalit\u00e0 sopra descritta. Si prega di consultare il sito Web di terze parti per ulteriori informazioni circa il loro utilizzo dei cookies. Dati personali raccolti: Cookie e Dati di utilizzo. Luogo del trattamento : USA Privacy Policy:\u00a0<a href=\"http:\/\/www.google.com\/policies\/privacy\/\" target=\"_blank\" rel=\"noopener noreferrer\">http:\/\/www.google.com\/policies\/privacy\/<\/a>\u00a0\u2013 Opt Out:\u00a0<a href=\"https:\/\/tools.google.com\/dlpage\/gaoptout?hl=en\" target=\"_blank\" rel=\"noopener noreferrer\">https:\/\/tools.google.com\/dlpage\/gaoptout?hl=en<\/a><\/p><h4><strong>Google Fonts (Google Inc.)<\/strong><\/h4><p>Google Fonts \u00e8 un servizio di visualizzazione di stili di carattere gestito da Google Inc. che permette a questa Applicazione di integrare tali contenuti all\u2019interno delle proprie pagine. Si prega di consultare il sito Web di terze parti per ulteriori informazioni circa il loro utilizzo dei cookies. Dati personali raccolti: Cookie e Dati di utilizzo. Luogo del trattamento: USA Privacy Policy:\u00a0<a href=\"http:\/\/www.google.com\/policies\/privacy\/\" target=\"_blank\" rel=\"noopener noreferrer\">http:\/\/www.google.com\/policies\/privacy\/<\/a>\u00a0Come con i cookies primari, potete bloccare i cookies di terze parti tramite le impostazioni del browser.<\/p><h4><strong>YouTube (YouTube, LLC)<\/strong><\/h4><p>Youtube \u00e8 un servizio di visualizzazione di contenuti video gestito da YouTube, LLC che permette a questa Applicazione di integrare tali contenuti all\u2019interno delle proprie pagine. Dati personali raccolti: Cookies e Dati di utilizzo. Si prega di consultare il sito Web di terze parti per ulteriori informazioni circa il loro utilizzo dei cookies. Luogo del trattamento : USA \u2013 Privacy Policy:\u00a0<a href=\"http:\/\/www.google.com\/policies\/privacy\/\" target=\"_blank\" rel=\"noopener noreferrer\">http:\/\/www.google.com\/policies\/privacy\/<\/a><\/p><h4><strong>Google Maps API (Google Inc.)<\/strong><\/h4><p>Questo \u00e8 un servizio per mostrare all\u2019interno del sito le mappe interattive Google maps Dati personali raccolti: Cookies e Dati di utilizzo. Si prega di consultare il sito Web di terze parti per ulteriori informazioni circa il loro utilizzo dei cookies. Luogo del trattamento : USA \u2013 Privacy Policy:\u00a0<a href=\"http:\/\/www.google.com\/policies\/privacy\/\" target=\"_blank\" rel=\"noopener noreferrer\">http:\/\/www.google.com\/policies\/privacy\/<\/a><\/p><h4><strong>CloudFlare<\/strong><\/h4><p>CloudFlare \u00e8 un servizio, gratuito o a pagamento, che utilizza una infrastruttura simile ad akamai che permette di migliorare le prestazioni di un sito web, semplicemente creando una cache delle pagine web e distribuendo tale cache su diversi server. Luogo del trattamento : USA \u2013 Privacy Policy: \u00a0<a href=\"https:\/\/www.cloudflare.com\/security-policy\" target=\"_blank\" rel=\"noopener noreferrer\">https:\/\/www.cloudflare.com\/security-policy<\/a><\/p><h4><strong>Impostazione dei cookies<\/strong><\/h4><p>Per impostazione predefinita, molti browser consentono automaticamente l\u2019utilizzo dei cookie, ma offrono anche la possibilit\u00e0 di controllare la maggior parte dei cookie, inclusa la possibilit\u00e0 di accettarli o meno e la procedura per eliminarli. Per ulteriori informazioni sul controllo dei cookie, consultare la sezione \u201cStrumenti\u201d (o simile) del browser. Puoi impostare il browser per ricevere un avviso prima di accettare un cookie, avendo la possibilit\u00e0 di decidere se riceverlo o meno. Puoi anche disattivare completamente i cookie.<\/p><h4><strong>Come disabilitare i cookies?<\/strong><\/h4><p>La maggior parte dei browser (Internet Explorer, Firefox, Chrome, ecc.) sono configurati per accettare i cookies. I cookies memorizzati sul disco fisso del tuo dispositivo possono comunque essere cancellati ed \u00e8 inoltre possibile disabilitare i cookies seguendo le indicazioni fornite dai principali browser, ai link seguenti:<\/p><ul><li><strong>Chrome:<\/strong>\u00a0<a href=\"https:\/\/support.google.com\/chrome\/answer\/95647?hl=it\" target=\"_blank\" rel=\"noopener noreferrer\">https:\/\/support.google.com\/chrome\/answer\/95647?hl=it<\/a><\/li><li><strong>Firefox:<\/strong>\u00a0<a href=\"http:\/\/support.mozilla.org\/it\/kb\/Eliminare%20i%20cookie\" target=\"_blank\" rel=\"noopener noreferrer\">http:\/\/support.mozilla.org\/it\/kb\/Eliminare%20i%20cookie<\/a><\/li><li><strong>Internet Explorer:<\/strong>\u00a0<a href=\"http:\/\/windows.microsoft.com\/it-it\/internet-explorer\/delete-manage-cookies#ie=ie-10\" target=\"_blank\" rel=\"noopener noreferrer\">http:\/\/windows.microsoft.com\/it-it\/internet-explorer\/delete-manage-cookies#ie=ie-10<\/a><\/li><li><strong>Opera:<\/strong>\u00a0<a href=\"http:\/\/www.opera.com\/help\/tutorials\/security\/privacy\/\" target=\"_blank\" rel=\"noopener noreferrer\">http:\/\/www.opera.com\/help\/tutorials\/security\/privacy\/<\/a><\/li><li><strong>Safari:<\/strong>\u00a0<a href=\"http:\/\/support.apple.com\/kb\/ph11920\" target=\"_blank\" rel=\"noopener noreferrer\">http:\/\/support.apple.com\/kb\/ph11920<\/a><\/li><\/ul>\t\t\t\t\t\t<\/div>\n\t\t\t\t<\/div>\n\t\t\t\t\t<\/div>\n\t\t<\/div>\n\t\t\t\t\t\t\t<\/div>\n\t\t<\/section>\n\t\t\t\t\t\t<\/div>\n\t\t\t\t\t<\/div>\n\t\t","protected":false},"excerpt":{"rendered":"<p>COOKIE POLICY INFORMATIVA ESTESA SULL\u2019USO DEI COOKIES Artt. 13 e 122 D.Lgs. 30 giugno 2003 Nr. 196 Codice in materia di protezione dei dati personali. Ai sensi e per gli effetti del Provv. 8 maggio 2014 [3118884], dell\u2019Autorit\u00e0 Garante per la Protezione dei Dati Personali, relativo all\u2019impiego dei cookies, la informiamo, con riferimento al dominio [&hellip;]<\/p>\n","protected":false},"author":1,"featured_media":0,"parent":0,"menu_order":0,"comment_status":"closed","ping_status":"closed","template":"","meta":{"kk_blocks_editor_width":"","_kiokenblocks_attr":"","_kiokenblocks_dimensions":"","footnotes":""},"class_list":["post-225","page","type-page","status-publish","hentry"],"yoast_head":"<!-- This site is optimized with the Yoast SEO plugin v16.9 - https:\/\/yoast.com\/wordpress\/plugins\/seo\/ -->\n<title>Cookie Policy - Aboca per i nuovi bisogni di salute in era Covid<\/title>\n<meta name=\"robots\" content=\"index, follow, max-snippet:-1, max-image-preview:large, max-video-preview:-1\" \/>\n<link rel=\"canonical\" href=\"https:\/\/saluteineracovid.aboca.com\/it\/cookie-policy\/\" \/>\n<meta property=\"og:locale\" content=\"it_IT\" \/>\n<meta property=\"og:type\" content=\"article\" \/>\n<meta property=\"og:title\" content=\"Cookie Policy - Aboca per i nuovi bisogni di salute in era Covid\" \/>\n<meta property=\"og:description\" content=\"COOKIE POLICY INFORMATIVA ESTESA SULL\u2019USO DEI COOKIES Artt. 13 e 122 D.Lgs. 30 giugno 2003 Nr. 196 Codice in materia di protezione dei dati personali. Ai sensi e per gli effetti del Provv. 8 maggio 2014 [3118884], dell\u2019Autorit\u00e0 Garante per la Protezione dei Dati Personali, relativo all\u2019impiego dei cookies, la informiamo, con riferimento al dominio [&hellip;]\" \/>\n<meta property=\"og:url\" content=\"https:\/\/saluteineracovid.aboca.com\/it\/cookie-policy\/\" \/>\n<meta property=\"og:site_name\" content=\"Aboca per i nuovi bisogni di salute in era Covid\" \/>\n<meta property=\"article:modified_time\" content=\"2021-08-26T10:16:42+00:00\" \/>\n<meta name=\"twitter:card\" content=\"summary_large_image\" \/>\n<meta name=\"twitter:label1\" content=\"Tempo di lettura stimato\" \/>\n\t<meta name=\"twitter:data1\" content=\"10 minuti\" \/>\n<script type=\"application\/ld+json\" class=\"yoast-schema-graph\">{\"@context\":\"https:\/\/schema.org\",\"@graph\":[{\"@type\":\"WebSite\",\"@id\":\"https:\/\/saluteineracovid.aboca.com\/it\/#website\",\"url\":\"https:\/\/saluteineracovid.aboca.com\/it\/\",\"name\":\"Aboca per i nuovi bisogni di salute in era Covid\",\"description\":\"\",\"potentialAction\":[{\"@type\":\"SearchAction\",\"target\":{\"@type\":\"EntryPoint\",\"urlTemplate\":\"https:\/\/saluteineracovid.aboca.com\/it\/?s={search_term_string}\"},\"query-input\":\"required name=search_term_string\"}],\"inLanguage\":\"it-IT\"},{\"@type\":\"WebPage\",\"@id\":\"https:\/\/saluteineracovid.aboca.com\/it\/cookie-policy\/#webpage\",\"url\":\"https:\/\/saluteineracovid.aboca.com\/it\/cookie-policy\/\",\"name\":\"Cookie Policy - Aboca per i nuovi bisogni di salute in era Covid\",\"isPartOf\":{\"@id\":\"https:\/\/saluteineracovid.aboca.com\/it\/#website\"},\"datePublished\":\"2021-08-23T12:27:30+00:00\",\"dateModified\":\"2021-08-26T10:16:42+00:00\",\"breadcrumb\":{\"@id\":\"https:\/\/saluteineracovid.aboca.com\/it\/cookie-policy\/#breadcrumb\"},\"inLanguage\":\"it-IT\",\"potentialAction\":[{\"@type\":\"ReadAction\",\"target\":[\"https:\/\/saluteineracovid.aboca.com\/it\/cookie-policy\/\"]}]},{\"@type\":\"BreadcrumbList\",\"@id\":\"https:\/\/saluteineracovid.aboca.com\/it\/cookie-policy\/#breadcrumb\",\"itemListElement\":[{\"@type\":\"ListItem\",\"position\":1,\"name\":\"Home\",\"item\":\"https:\/\/saluteineracovid.aboca.com\/it\/\"},{\"@type\":\"ListItem\",\"position\":2,\"name\":\"\"}]}]}<\/script>\n<!-- \/ Yoast SEO plugin. -->","yoast_head_json":{"title":"Cookie Policy - Aboca per i nuovi bisogni di salute in era Covid","robots":{"index":"index","follow":"follow","max-snippet":"max-snippet:-1","max-image-preview":"max-image-preview:large","max-video-preview":"max-video-preview:-1"},"canonical":"https:\/\/saluteineracovid.aboca.com\/it\/cookie-policy\/","og_locale":"it_IT","og_type":"article","og_title":"Cookie Policy - Aboca per i nuovi bisogni di salute in era Covid","og_description":"COOKIE POLICY INFORMATIVA ESTESA SULL\u2019USO DEI COOKIES Artt. 13 e 122 D.Lgs. 30 giugno 2003 Nr. 196 Codice in materia di protezione dei dati personali. Ai sensi e per gli effetti del Provv. 8 maggio 2014 [3118884], dell\u2019Autorit\u00e0 Garante per la Protezione dei Dati Personali, relativo all\u2019impiego dei cookies, la informiamo, con riferimento al dominio [&hellip;]","og_url":"https:\/\/saluteineracovid.aboca.com\/it\/cookie-policy\/","og_site_name":"Aboca per i nuovi bisogni di salute in era Covid","article_modified_time":"2021-08-26T10:16:42+00:00","twitter_card":"summary_large_image","twitter_misc":{"Tempo di lettura stimato":"10 minuti"},"schema":{"@context":"https:\/\/schema.org","@graph":[{"@type":"WebSite","@id":"https:\/\/saluteineracovid.aboca.com\/it\/#website","url":"https:\/\/saluteineracovid.aboca.com\/it\/","name":"Aboca per i nuovi bisogni di salute in era Covid","description":"","potentialAction":[{"@type":"SearchAction","target":{"@type":"EntryPoint","urlTemplate":"https:\/\/saluteineracovid.aboca.com\/it\/?s={search_term_string}"},"query-input":"required name=search_term_string"}],"inLanguage":"it-IT"},{"@type":"WebPage","@id":"https:\/\/saluteineracovid.aboca.com\/it\/cookie-policy\/#webpage","url":"https:\/\/saluteineracovid.aboca.com\/it\/cookie-policy\/","name":"Cookie Policy - Aboca per i nuovi bisogni di salute in era Covid","isPartOf":{"@id":"https:\/\/saluteineracovid.aboca.com\/it\/#website"},"datePublished":"2021-08-23T12:27:30+00:00","dateModified":"2021-08-26T10:16:42+00:00","breadcrumb":{"@id":"https:\/\/saluteineracovid.aboca.com\/it\/cookie-policy\/#breadcrumb"},"inLanguage":"it-IT","potentialAction":[{"@type":"ReadAction","target":["https:\/\/saluteineracovid.aboca.com\/it\/cookie-policy\/"]}]},{"@type":"BreadcrumbList","@id":"https:\/\/saluteineracovid.aboca.com\/it\/cookie-policy\/#breadcrumb","itemListElement":[{"@type":"ListItem","position":1,"name":"Home","item":"https:\/\/saluteineracovid.aboca.com\/it\/"},{"@type":"ListItem","position":2,"name":""}]}]}},"_links":{"self":[{"href":"https:\/\/saluteineracovid.aboca.com\/it\/wp-json\/wp\/v2\/pages\/225","targetHints":{"allow":["GET"]}}],"collection":[{"href":"https:\/\/saluteineracovid.aboca.com\/it\/wp-json\/wp\/v2\/pages"}],"about":[{"href":"https:\/\/saluteineracovid.aboca.com\/it\/wp-json\/wp\/v2\/types\/page"}],"author":[{"embeddable":true,"href":"https:\/\/saluteineracovid.aboca.com\/it\/wp-json\/wp\/v2\/users\/1"}],"replies":[{"embeddable":true,"href":"https:\/\/saluteineracovid.aboca.com\/it\/wp-json\/wp\/v2\/comments?post=225"}],"version-history":[{"count":6,"href":"https:\/\/saluteineracovid.aboca.com\/it\/wp-json\/wp\/v2\/pages\/225\/revisions"}],"predecessor-version":[{"id":233,"href":"https:\/\/saluteineracovid.aboca.com\/it\/wp-json\/wp\/v2\/pages\/225\/revisions\/233"}],"wp:attachment":[{"href":"https:\/\/saluteineracovid.aboca.com\/it\/wp-json\/wp\/v2\/media?parent=225"}],"curies":[{"name":"wp","href":"https:\/\/api.w.org\/{rel}","templated":true}]}}